{"id":150,"date":"2024-10-01T11:45:09","date_gmt":"2024-10-01T11:45:09","guid":{"rendered":"https:\/\/bl-lighting.de\/?page_id=150"},"modified":"2025-06-15T16:33:05","modified_gmt":"2025-06-15T16:33:05","slug":"privacy-policy","status":"publish","type":"page","link":"https:\/\/bl-lighting.de\/en\/privacy-policy\/","title":{"rendered":"Impressum | Datenschutz"},"content":{"rendered":"<div data-elementor-type=\"wp-page\" data-elementor-id=\"150\" class=\"elementor elementor-150\" data-elementor-post-type=\"page\">\n\t\t\t\t<div class=\"elementor-element elementor-element-e80d836 e-flex e-con-boxed e-con e-parent\" data-id=\"e80d836\" data-element_type=\"container\" data-e-type=\"container\" data-settings=\"{&quot;background_background&quot;:&quot;classic&quot;}\">\n\t\t\t\t\t<div class=\"e-con-inner\">\n\t\t\t\t\t<\/div>\n\t\t\t\t<\/div>\n\t\t<div class=\"elementor-element elementor-element-c7fc018 e-flex e-con-boxed e-con e-parent\" data-id=\"c7fc018\" data-element_type=\"container\" data-e-type=\"container\" data-settings=\"{&quot;background_background&quot;:&quot;classic&quot;}\">\n\t\t\t\t\t<div class=\"e-con-inner\">\n\t\t<div class=\"elementor-element elementor-element-aabfc4b e-con-full e-flex e-con e-child\" data-id=\"aabfc4b\" data-element_type=\"container\" data-e-type=\"container\" data-settings=\"{&quot;background_background&quot;:&quot;classic&quot;}\">\n\t\t\t\t<div class=\"elementor-element elementor-element-e7ea624 elementor-widget elementor-widget-heading\" data-id=\"e7ea624\" data-element_type=\"widget\" data-e-type=\"widget\" data-widget_type=\"heading.default\">\n\t\t\t\t<div class=\"elementor-widget-container\">\n\t\t\t\t\t<h2 class=\"elementor-heading-title elementor-size-default\">Angaben gem\u00e4\u00df \u00a7 5 TMG<\/h2>\t\t\t\t<\/div>\n\t\t\t\t<\/div>\n\t\t<div class=\"elementor-element elementor-element-3a76a23 e-con-full e-flex e-con e-child\" data-id=\"3a76a23\" data-element_type=\"container\" data-e-type=\"container\">\n\t\t\t\t<div class=\"elementor-element elementor-element-a42ac8d elementor-widget elementor-widget-text-editor\" data-id=\"a42ac8d\" data-element_type=\"widget\" data-e-type=\"widget\" data-widget_type=\"text-editor.default\">\n\t\t\t\t<div class=\"elementor-widget-container\">\n\t\t\t\t\t\t\t\t\t<p>Benjamin Liebold Lighting<br \/>Ulmenweg 2b<br \/>DE-08485 Lengenfeld<\/p>\t\t\t\t\t\t\t\t<\/div>\n\t\t\t\t<\/div>\n\t\t<div class=\"elementor-element elementor-element-0753978 e-con-full e-flex e-con e-child\" data-id=\"0753978\" data-element_type=\"container\" data-e-type=\"container\">\n\t\t\t\t<div class=\"elementor-element elementor-element-7707042 elementor-widget elementor-widget-heading\" data-id=\"7707042\" data-element_type=\"widget\" data-e-type=\"widget\" data-widget_type=\"heading.default\">\n\t\t\t\t<div class=\"elementor-widget-container\">\n\t\t\t\t\t<h2 class=\"elementor-heading-title elementor-size-default\">Vertreten durch:<\/h2>\t\t\t\t<\/div>\n\t\t\t\t<\/div>\n\t\t\t\t<div class=\"elementor-element elementor-element-aae2fdb elementor-widget elementor-widget-text-editor\" data-id=\"aae2fdb\" data-element_type=\"widget\" data-e-type=\"widget\" data-widget_type=\"text-editor.default\">\n\t\t\t\t<div class=\"elementor-widget-container\">\n\t\t\t\t\t\t\t\t\t<p>Benjamin Liebold<\/p>\t\t\t\t\t\t\t\t<\/div>\n\t\t\t\t<\/div>\n\t\t\t\t<\/div>\n\t\t<div class=\"elementor-element elementor-element-a79d5e3 e-con-full e-flex e-con e-child\" data-id=\"a79d5e3\" data-element_type=\"container\" data-e-type=\"container\">\n\t\t\t\t<div class=\"elementor-element elementor-element-be7993f elementor-widget elementor-widget-heading\" data-id=\"be7993f\" data-element_type=\"widget\" data-e-type=\"widget\" data-widget_type=\"heading.default\">\n\t\t\t\t<div class=\"elementor-widget-container\">\n\t\t\t\t\t<h2 class=\"elementor-heading-title elementor-size-default\">Kontakt:<\/h2>\t\t\t\t<\/div>\n\t\t\t\t<\/div>\n\t\t\t\t<div class=\"elementor-element elementor-element-64d276f elementor-widget elementor-widget-text-editor\" data-id=\"64d276f\" data-element_type=\"widget\" data-e-type=\"widget\" data-widget_type=\"text-editor.default\">\n\t\t\t\t<div class=\"elementor-widget-container\">\n\t\t\t\t\t\t\t\t\t<p>E-Mail: <a href=\"\/en\/info@BL-Lighting.de\/\">info@BL-Lighting.de<\/a><\/p>\t\t\t\t\t\t\t\t<\/div>\n\t\t\t\t<\/div>\n\t\t\t\t<\/div>\n\t\t<div class=\"elementor-element elementor-element-c1777bd e-con-full e-flex e-con e-child\" data-id=\"c1777bd\" data-element_type=\"container\" data-e-type=\"container\">\n\t\t\t\t<div class=\"elementor-element elementor-element-c97e9c8 elementor-widget elementor-widget-heading\" data-id=\"c97e9c8\" data-element_type=\"widget\" data-e-type=\"widget\" data-widget_type=\"heading.default\">\n\t\t\t\t<div class=\"elementor-widget-container\">\n\t\t\t\t\t<h2 class=\"elementor-heading-title elementor-size-default\">Verantwortlich f\u00fcr den Inhalt nach \u00a7 55 Abs. 2 RStV:<\/h2>\t\t\t\t<\/div>\n\t\t\t\t<\/div>\n\t\t\t\t<div class=\"elementor-element elementor-element-8a56130 elementor-widget elementor-widget-text-editor\" data-id=\"8a56130\" data-element_type=\"widget\" data-e-type=\"widget\" data-widget_type=\"text-editor.default\">\n\t\t\t\t<div class=\"elementor-widget-container\">\n\t\t\t\t\t\t\t\t\t<p>Benjamin Liebold<\/p>\t\t\t\t\t\t\t\t<\/div>\n\t\t\t\t<\/div>\n\t\t\t\t<\/div>\n\t\t\t\t<\/div>\n\t\t\t\t<\/div>\n\t\t<div class=\"elementor-element elementor-element-ec399c3 e-con-full e-flex e-con e-child\" data-id=\"ec399c3\" data-element_type=\"container\" data-e-type=\"container\" data-settings=\"{&quot;background_background&quot;:&quot;classic&quot;}\">\n\t\t\t\t<div class=\"elementor-element elementor-element-e11fe63 elementor-widget elementor-widget-heading\" data-id=\"e11fe63\" data-element_type=\"widget\" data-e-type=\"widget\" data-widget_type=\"heading.default\">\n\t\t\t\t<div class=\"elementor-widget-container\">\n\t\t\t\t\t<h2 class=\"elementor-heading-title elementor-size-default\">Haftungsausschluss:<\/h2>\t\t\t\t<\/div>\n\t\t\t\t<\/div>\n\t\t<div class=\"elementor-element elementor-element-721c0d0 e-con-full e-flex e-con e-child\" data-id=\"721c0d0\" data-element_type=\"container\" data-e-type=\"container\">\n\t\t\t\t<div class=\"elementor-element elementor-element-f30380c elementor-widget elementor-widget-heading\" data-id=\"f30380c\" data-element_type=\"widget\" data-e-type=\"widget\" data-widget_type=\"heading.default\">\n\t\t\t\t<div class=\"elementor-widget-container\">\n\t\t\t\t\t<h2 class=\"elementor-heading-title elementor-size-default\">Haftung f\u00fcr Inhalte<\/h2>\t\t\t\t<\/div>\n\t\t\t\t<\/div>\n\t\t\t\t<div class=\"elementor-element elementor-element-c9af049 elementor-widget elementor-widget-text-editor\" data-id=\"c9af049\" data-element_type=\"widget\" data-e-type=\"widget\" data-widget_type=\"text-editor.default\">\n\t\t\t\t<div class=\"elementor-widget-container\">\n\t\t\t\t\t\t\t\t\t<p>Die Inhalte unserer Seiten wurden mit gr\u00f6\u00dfter Sorgfalt erstellt. F\u00fcr die Richtigkeit, Vollst\u00e4ndigkeit und Aktualit\u00e4t der Inhalte k\u00f6nnen wir jedoch keine Gew\u00e4hr \u00fcbernehmen. Als Diensteanbieter sind wir gem\u00e4\u00df \u00a7 7 Abs.1 TMG f\u00fcr eigene Inhalte auf diesen Seiten nach den allgemeinen Gesetzen verantwortlich. Nach \u00a7\u00a7 8 bis 10 TMG sind wir als Diensteanbieter jedoch nicht verpflichtet, \u00fcbermittelte oder gespeicherte fremde Informationen zu \u00fcberwachen oder nach Umst\u00e4nden zu forschen, die auf eine rechtswidrige T\u00e4tigkeit hinweisen. Verpflichtungen zur Entfernung oder Sperrung der Nutzung von Informationen nach den allgemeinen Gesetzen bleiben hiervon unber\u00fchrt. Eine diesbez\u00fcgliche Haftung ist jedoch erst ab dem Zeitpunkt der Kenntnis einer konkreten Rechtsverletzung m\u00f6glich. Bei Bekanntwerden von entsprechenden Rechtsverletzungen werden wir diese Inhalte umgehend entfernen.<\/p>\t\t\t\t\t\t\t\t<\/div>\n\t\t\t\t<\/div>\n\t\t\t\t<\/div>\n\t\t<div class=\"elementor-element elementor-element-842f9f7 e-con-full e-flex e-con e-child\" data-id=\"842f9f7\" data-element_type=\"container\" data-e-type=\"container\">\n\t\t\t\t<div class=\"elementor-element elementor-element-4d5d420 elementor-widget elementor-widget-heading\" data-id=\"4d5d420\" data-element_type=\"widget\" data-e-type=\"widget\" data-widget_type=\"heading.default\">\n\t\t\t\t<div class=\"elementor-widget-container\">\n\t\t\t\t\t<h2 class=\"elementor-heading-title elementor-size-default\">Haftung f\u00fcr Links<\/h2>\t\t\t\t<\/div>\n\t\t\t\t<\/div>\n\t\t\t\t<div class=\"elementor-element elementor-element-769fdd7 elementor-widget elementor-widget-text-editor\" data-id=\"769fdd7\" data-element_type=\"widget\" data-e-type=\"widget\" data-widget_type=\"text-editor.default\">\n\t\t\t\t<div class=\"elementor-widget-container\">\n\t\t\t\t\t\t\t\t\t<p>Unser Angebot enth\u00e4lt Links zu externen Webseiten Dritter, auf deren Inhalte wir keinen Einfluss haben. Deshalb k\u00f6nnen wir f\u00fcr diese fremden Inhalte auch keine Gew\u00e4hr \u00fcbernehmen. F\u00fcr die Inhalte der verlinkten Seiten ist stets der jeweilige Anbieter oder Betreiber der Seiten verantwortlich. Die verlinkten Seiten wurden zum Zeitpunkt der Verlinkung auf m\u00f6gliche Rechtsverst\u00f6\u00dfe \u00fcberpr\u00fcft. Rechtswidrige Inhalte waren zum Zeitpunkt der Verlinkung nicht erkennbar. Eine permanente inhaltliche Kontrolle der verlinkten Seiten ist jedoch ohne konkrete Anhaltspunkte einer Rechtsverletzung nicht zumutbar. Bei Bekanntwerden von Rechtsverletzungen werden wir derartige Links umgehend entfernen.<\/p>\t\t\t\t\t\t\t\t<\/div>\n\t\t\t\t<\/div>\n\t\t\t\t<\/div>\n\t\t<div class=\"elementor-element elementor-element-2f7e022 e-con-full e-flex e-con e-child\" data-id=\"2f7e022\" data-element_type=\"container\" data-e-type=\"container\">\n\t\t\t\t<div class=\"elementor-element elementor-element-1c4e7c8 elementor-widget elementor-widget-heading\" data-id=\"1c4e7c8\" data-element_type=\"widget\" data-e-type=\"widget\" data-widget_type=\"heading.default\">\n\t\t\t\t<div class=\"elementor-widget-container\">\n\t\t\t\t\t<h2 class=\"elementor-heading-title elementor-size-default\">Urheberrecht<\/h2>\t\t\t\t<\/div>\n\t\t\t\t<\/div>\n\t\t\t\t<div class=\"elementor-element elementor-element-0357686 elementor-widget elementor-widget-text-editor\" data-id=\"0357686\" data-element_type=\"widget\" data-e-type=\"widget\" data-widget_type=\"text-editor.default\">\n\t\t\t\t<div class=\"elementor-widget-container\">\n\t\t\t\t\t\t\t\t\t<p>Die durch die Seitenbetreiber erstellten Inhalte und Werke auf diesen Seiten unterliegen dem deutschen Urheberrecht. Die Vervielf\u00e4ltigung, Bearbeitung, Verbreitung und jede Art der Verwertung au\u00dferhalb der Grenzen des Urheberrechtes bed\u00fcrfen der schriftlichen Zustimmung des jeweiligen Autors bzw. Erstellers. Downloads und Kopien dieser Seite sind nur f\u00fcr den privaten, nicht kommerziellen Gebrauch gestattet. Soweit die Inhalte auf dieser Seite nicht vom Betreiber erstellt wurden, werden die Urheberrechte Dritter beachtet. Insbesondere werden Inhalte Dritter als solche gekennzeichnet. Sollten Sie trotzdem auf eine Urheberrechtsverletzung aufmerksam werden, bitten wir um einen entsprechenden Hinweis. Bei Bekanntwerden von Rechtsverletzungen werden wir derartige Inhalte umgehend entfernen.<\/p>\t\t\t\t\t\t\t\t<\/div>\n\t\t\t\t<\/div>\n\t\t\t\t<\/div>\n\t\t<div class=\"elementor-element elementor-element-ee552fe e-con-full e-flex e-con e-child\" data-id=\"ee552fe\" data-element_type=\"container\" data-e-type=\"container\">\n\t\t\t\t<div class=\"elementor-element elementor-element-787ee12 elementor-widget elementor-widget-heading\" data-id=\"787ee12\" data-element_type=\"widget\" data-e-type=\"widget\" data-widget_type=\"heading.default\">\n\t\t\t\t<div class=\"elementor-widget-container\">\n\t\t\t\t\t<h2 class=\"elementor-heading-title elementor-size-default\">Salvatorische Klausel<\/h2>\t\t\t\t<\/div>\n\t\t\t\t<\/div>\n\t\t\t\t<div class=\"elementor-element elementor-element-5971cd9 elementor-widget elementor-widget-text-editor\" data-id=\"5971cd9\" data-element_type=\"widget\" data-e-type=\"widget\" data-widget_type=\"text-editor.default\">\n\t\t\t\t<div class=\"elementor-widget-container\">\n\t\t\t\t\t\t\t\t\tSofern Teile oder einzelne Formulierungen dieses Textes der geltenden\nRechtslage nicht, nicht mehr oder nicht vollst\u00e4ndig entsprechen sollten,\nbleiben die \u00fcbrigen Teile des Dokumentes in ihrem Inhalt und ihrer\nG\u00fcltigkeit davon unber\u00fchrt.\t\t\t\t\t\t\t\t<\/div>\n\t\t\t\t<\/div>\n\t\t\t\t<\/div>\n\t\t\t\t<\/div>\n\t\t<div class=\"elementor-element elementor-element-ff9df15 e-con-full e-flex e-con e-child\" data-id=\"ff9df15\" data-element_type=\"container\" data-e-type=\"container\" data-settings=\"{&quot;background_background&quot;:&quot;classic&quot;}\">\n\t\t\t\t<div class=\"elementor-element elementor-element-2c5433f elementor-widget elementor-widget-heading\" data-id=\"2c5433f\" data-element_type=\"widget\" data-e-type=\"widget\" data-widget_type=\"heading.default\">\n\t\t\t\t<div class=\"elementor-widget-container\">\n\t\t\t\t\t<h2 class=\"elementor-heading-title elementor-size-default\">Datenschutz<\/h2>\t\t\t\t<\/div>\n\t\t\t\t<\/div>\n\t\t\t\t<div class=\"elementor-element elementor-element-b062ea1 elementor-widget elementor-widget-text-editor\" data-id=\"b062ea1\" data-element_type=\"widget\" data-e-type=\"widget\" data-widget_type=\"text-editor.default\">\n\t\t\t\t<div class=\"elementor-widget-container\">\n\t\t\t\t\t\t\t\t\t<p>Die Nutzung unserer Webseite ist in der Regel ohne Angabe personenbezogener Daten m\u00f6glich. Soweit auf unseren Seiten personenbezogene Daten (beispielsweise Name, Anschrift oder eMail-Adressen) erhoben werden, erfolgt dies, soweit m\u00f6glich, stets auf freiwilliger Basis. Diese Daten werden ohne Ihre ausdr\u00fcckliche Zustimmung nicht an Dritte weitergegeben.<br \/>Wir weisen darauf hin, dass die Daten\u00fcbertragung im Internet (z.B. bei der Kommunikation per E-Mail) Sicherheitsl\u00fccken aufweisen kann. Ein l\u00fcckenloser Schutz der Daten vor dem Zugriff durch Dritte ist nicht m\u00f6glich.<br \/>Der Nutzung von im Rahmen der Impressumspflicht ver\u00f6ffentlichten Kontaktdaten durch Dritte zur \u00dcbersendung von nicht ausdr\u00fccklich angeforderter Werbung und Informationsmaterialien wird hiermit ausdr\u00fccklich widersprochen. Die Betreiber der Seiten behalten sich ausdr\u00fccklich rechtliche Schritte im Falle der unverlangten Zusendung von Werbeinformationen, etwa durch Spam-Mails, vor.<\/p>\t\t\t\t\t\t\t\t<\/div>\n\t\t\t\t<\/div>\n\t\t<div class=\"elementor-element elementor-element-013b21a e-con-full e-flex e-con e-child\" data-id=\"013b21a\" data-element_type=\"container\" data-e-type=\"container\">\n\t\t\t\t<div class=\"elementor-element elementor-element-54b71cf elementor-widget elementor-widget-heading\" data-id=\"54b71cf\" data-element_type=\"widget\" data-e-type=\"widget\" data-widget_type=\"heading.default\">\n\t\t\t\t<div class=\"elementor-widget-container\">\n\t\t\t\t\t<h2 class=\"elementor-heading-title elementor-size-default\">Real Cookie Banner<\/h2>\t\t\t\t<\/div>\n\t\t\t\t<\/div>\n\t\t\t\t<div class=\"elementor-element elementor-element-8a3147b elementor-widget elementor-widget-text-editor\" data-id=\"8a3147b\" data-element_type=\"widget\" data-e-type=\"widget\" data-widget_type=\"text-editor.default\">\n\t\t\t\t<div class=\"elementor-widget-container\">\n\t\t\t\t\t\t\t\t\t<p>Zur Verwaltung der eingesetzten Cookies und \u00e4hnlichen Technologien (Tracking-Pixel, Web-Beacons etc.) und diesbez\u00fcglicher Einwilligungen setzen wir das Consent Tool &#8222;Real Cookie Banner&#8220; ein. Details zur Funktionsweise von &#8222;Real Cookie Banner&#8220; findest du unter https:\/\/devowl.io\/de\/rcb\/datenverarbeitung\/.<\/p><p>Rechtsgrundlagen f\u00fcr die Verarbeitung von personenbezogenen Daten in diesem Zusammenhang sind Art. 6 Abs. 1 lit. c DS-GVO und Art. 6 Abs. 1 lit. f DS-GVO. Unser berechtigtes Interesse ist die Verwaltung der eingesetzten Cookies und \u00e4hnlichen Technologien und der diesbez\u00fcglichen Einwilligungen.<\/p><p>Die Bereitstellung der personenbezogenen Daten ist weder vertraglich vorgeschrieben noch f\u00fcr den Abschluss eines Vertrages notwendig. Du bist nicht verpflichtet die personenbezogenen Daten bereitzustellen. Wenn du die personenbezogenen Daten nicht bereitstellst, k\u00f6nnen wir deine Einwilligungen nicht verwalten.<\/p>\t\t\t\t\t\t\t\t<\/div>\n\t\t\t\t<\/div>\n\t\t\t\t<\/div>\n\t\t<div class=\"elementor-element elementor-element-ca47f4c e-con-full e-flex e-con e-child\" data-id=\"ca47f4c\" data-element_type=\"container\" data-e-type=\"container\">\n\t\t\t\t<div class=\"elementor-element elementor-element-ee2bb46 elementor-widget elementor-widget-heading\" data-id=\"ee2bb46\" data-element_type=\"widget\" data-e-type=\"widget\" data-widget_type=\"heading.default\">\n\t\t\t\t<div class=\"elementor-widget-container\">\n\t\t\t\t\t<h2 class=\"elementor-heading-title elementor-size-default\">Kontaktformular<\/h2>\t\t\t\t<\/div>\n\t\t\t\t<\/div>\n\t\t\t\t<div class=\"elementor-element elementor-element-ec242d9 elementor-widget elementor-widget-text-editor\" data-id=\"ec242d9\" data-element_type=\"widget\" data-e-type=\"widget\" data-widget_type=\"text-editor.default\">\n\t\t\t\t<div class=\"elementor-widget-container\">\n\t\t\t\t\t\t\t\t\t<p>Wenn Sie uns per Kontaktformular Anfragen zukommen lassen, werden<br \/>Ihre Angaben aus dem Anfrageformular inklusive der von Ihnen dort<br \/>angegebenen Kontaktdaten zwecks Bearbeitung der Anfrage und f\u00fcr den Fall<br \/>von Anschlussfragen bei uns gespeichert. Diese Daten geben wir nicht ohne Ihre Einwilligung weiter.<\/p><p>Die Verarbeitung der in das Kontaktformular eingegebenen Daten<br \/>erfolgt somit ausschlie\u00dflich auf Grundlage Ihrer Einwilligung (Art. 6<br \/>Abs. 1 lit. a DSGVO). Sie k\u00f6nnen diese Einwilligung jederzeit<br \/>widerrufen. Dazu reicht eine formlose Mitteilung per E-Mail an uns. Die<br \/>Rechtm\u00e4\u00dfigkeit der bis zum Widerruf erfolgten Datenverarbeitungsvorg\u00e4nge<br \/>bleibt vom Widerruf unber\u00fchrt.<\/p><p>Die von Ihnen im Kontaktformular eingegebenen Daten verbleiben bei<br \/>uns, bis Sie uns zur L\u00f6schung auffordern, Ihre Einwilligung zur<br \/>Speicherung widerrufen oder der Zweck f\u00fcr die Datenspeicherung entf\u00e4llt<br \/>(z.B. nach abgeschlossener Bearbeitung Ihrer Anfrage). Zwingende<br \/>gesetzliche Bestimmungen \u2013 insbesondere Aufbewahrungsfristen \u2013 bleiben<br \/>unber\u00fchrt.<\/p>\t\t\t\t\t\t\t\t<\/div>\n\t\t\t\t<\/div>\n\t\t\t\t<\/div>\n\t\t\t\t<\/div>\n\t\t\t\t\t<\/div>\n\t\t\t\t<\/div>\n\t\t\t\t<\/div>","protected":false},"excerpt":{"rendered":"<p>Angaben gem\u00e4\u00df \u00a7 5 TMG Benjamin Liebold LightingUlmenweg 2bDE-08485 Lengenfeld Vertreten durch: Benjamin Liebold Kontakt: E-Mail: info@BL-Lighting.de Verantwortlich f\u00fcr den Inhalt nach \u00a7 55 Abs. 2 RStV: Benjamin Liebold Haftungsausschluss: Haftung f\u00fcr Inhalte Die Inhalte unserer Seiten wurden mit gr\u00f6\u00dfter Sorgfalt erstellt. F\u00fcr die Richtigkeit, Vollst\u00e4ndigkeit und Aktualit\u00e4t der Inhalte k\u00f6nnen wir jedoch keine Gew\u00e4hr [&hellip;]<\/p>\n","protected":false},"author":4,"featured_media":0,"parent":0,"menu_order":0,"comment_status":"closed","ping_status":"closed","template":"elementor_header_footer","meta":{"footnotes":""},"class_list":["post-150","page","type-page","status-publish","hentry"],"yoast_head":"<!-- This site is optimized with the Yoast SEO plugin v27.3 - https:\/\/yoast.com\/product\/yoast-seo-wordpress\/ -->\n<title>Impressum | Datenschutz - BL-Lighting<\/title>\n<meta name=\"robots\" content=\"index, follow, max-snippet:-1, max-image-preview:large, max-video-preview:-1\" \/>\n<link rel=\"canonical\" href=\"https:\/\/bl-lighting.de\/en\/privacy-policy\/\" \/>\n<meta property=\"og:locale\" content=\"en_US\" \/>\n<meta property=\"og:type\" content=\"article\" \/>\n<meta property=\"og:title\" content=\"Impressum | Datenschutz - BL-Lighting\" \/>\n<meta property=\"og:description\" content=\"Angaben gem\u00e4\u00df \u00a7 5 TMG Benjamin Liebold LightingUlmenweg 2bDE-08485 Lengenfeld Vertreten durch: Benjamin Liebold Kontakt: E-Mail: info@BL-Lighting.de Verantwortlich f\u00fcr den Inhalt nach \u00a7 55 Abs. 2 RStV: Benjamin Liebold Haftungsausschluss: Haftung f\u00fcr Inhalte Die Inhalte unserer Seiten wurden mit gr\u00f6\u00dfter Sorgfalt erstellt. F\u00fcr die Richtigkeit, Vollst\u00e4ndigkeit und Aktualit\u00e4t der Inhalte k\u00f6nnen wir jedoch keine Gew\u00e4hr [&hellip;]\" \/>\n<meta property=\"og:url\" content=\"https:\/\/bl-lighting.de\/en\/privacy-policy\/\" \/>\n<meta property=\"og:site_name\" content=\"BL-Lighting\" \/>\n<meta property=\"article:modified_time\" content=\"2025-06-15T16:33:05+00:00\" \/>\n<meta name=\"twitter:card\" content=\"summary_large_image\" \/>\n<meta name=\"twitter:label1\" content=\"Est. reading time\" \/>\n\t<meta name=\"twitter:data1\" content=\"4 minutes\" \/>\n<script type=\"application\/ld+json\" class=\"yoast-schema-graph\">{\"@context\":\"https:\\\/\\\/schema.org\",\"@graph\":[{\"@type\":\"WebPage\",\"@id\":\"https:\\\/\\\/bl-lighting.de\\\/privacy-policy\\\/\",\"url\":\"https:\\\/\\\/bl-lighting.de\\\/privacy-policy\\\/\",\"name\":\"Impressum | Datenschutz - BL-Lighting\",\"isPartOf\":{\"@id\":\"https:\\\/\\\/bl-lighting.de\\\/#website\"},\"datePublished\":\"2024-10-01T11:45:09+00:00\",\"dateModified\":\"2025-06-15T16:33:05+00:00\",\"breadcrumb\":{\"@id\":\"https:\\\/\\\/bl-lighting.de\\\/privacy-policy\\\/#breadcrumb\"},\"inLanguage\":\"en-US\",\"potentialAction\":[{\"@type\":\"ReadAction\",\"target\":[\"https:\\\/\\\/bl-lighting.de\\\/privacy-policy\\\/\"]}]},{\"@type\":\"BreadcrumbList\",\"@id\":\"https:\\\/\\\/bl-lighting.de\\\/privacy-policy\\\/#breadcrumb\",\"itemListElement\":[{\"@type\":\"ListItem\",\"position\":1,\"name\":\"Startseite\",\"item\":\"https:\\\/\\\/bl-lighting.de\\\/\"},{\"@type\":\"ListItem\",\"position\":2,\"name\":\"Impressum | Datenschutz\"}]},{\"@type\":\"WebSite\",\"@id\":\"https:\\\/\\\/bl-lighting.de\\\/#website\",\"url\":\"https:\\\/\\\/bl-lighting.de\\\/\",\"name\":\"BL-Lighting\",\"description\":\"Lichttechnik und Veranstaltungsservice\",\"publisher\":{\"@id\":\"https:\\\/\\\/bl-lighting.de\\\/#organization\"},\"alternateName\":\"Benjamin Liebold Lighting\",\"potentialAction\":[{\"@type\":\"SearchAction\",\"target\":{\"@type\":\"EntryPoint\",\"urlTemplate\":\"https:\\\/\\\/bl-lighting.de\\\/?s={search_term_string}\"},\"query-input\":{\"@type\":\"PropertyValueSpecification\",\"valueRequired\":true,\"valueName\":\"search_term_string\"}}],\"inLanguage\":\"en-US\"},{\"@type\":\"Organization\",\"@id\":\"https:\\\/\\\/bl-lighting.de\\\/#organization\",\"name\":\"BL-Lighting\",\"alternateName\":\"Benjamin Liebold Lighting\",\"url\":\"https:\\\/\\\/bl-lighting.de\\\/\",\"logo\":{\"@type\":\"ImageObject\",\"inLanguage\":\"en-US\",\"@id\":\"https:\\\/\\\/bl-lighting.de\\\/#\\\/schema\\\/logo\\\/image\\\/\",\"url\":\"https:\\\/\\\/bl-lighting.de\\\/wp-content\\\/uploads\\\/2024\\\/10\\\/cropped-Small_Transp_White.png\",\"contentUrl\":\"https:\\\/\\\/bl-lighting.de\\\/wp-content\\\/uploads\\\/2024\\\/10\\\/cropped-Small_Transp_White.png\",\"width\":4165,\"height\":2121,\"caption\":\"BL-Lighting\"},\"image\":{\"@id\":\"https:\\\/\\\/bl-lighting.de\\\/#\\\/schema\\\/logo\\\/image\\\/\"},\"sameAs\":[\"https:\\\/\\\/www.instagram.com\\\/bl_lighting.de\"]}]}<\/script>\n<!-- \/ Yoast SEO plugin. -->","yoast_head_json":{"title":"Impressum | Datenschutz - BL-Lighting","robots":{"index":"index","follow":"follow","max-snippet":"max-snippet:-1","max-image-preview":"max-image-preview:large","max-video-preview":"max-video-preview:-1"},"canonical":"https:\/\/bl-lighting.de\/en\/privacy-policy\/","og_locale":"en_US","og_type":"article","og_title":"Impressum | Datenschutz - BL-Lighting","og_description":"Angaben gem\u00e4\u00df \u00a7 5 TMG Benjamin Liebold LightingUlmenweg 2bDE-08485 Lengenfeld Vertreten durch: Benjamin Liebold Kontakt: E-Mail: info@BL-Lighting.de Verantwortlich f\u00fcr den Inhalt nach \u00a7 55 Abs. 2 RStV: Benjamin Liebold Haftungsausschluss: Haftung f\u00fcr Inhalte Die Inhalte unserer Seiten wurden mit gr\u00f6\u00dfter Sorgfalt erstellt. F\u00fcr die Richtigkeit, Vollst\u00e4ndigkeit und Aktualit\u00e4t der Inhalte k\u00f6nnen wir jedoch keine Gew\u00e4hr [&hellip;]","og_url":"https:\/\/bl-lighting.de\/en\/privacy-policy\/","og_site_name":"BL-Lighting","article_modified_time":"2025-06-15T16:33:05+00:00","twitter_card":"summary_large_image","twitter_misc":{"Est. reading time":"4 minutes"},"schema":{"@context":"https:\/\/schema.org","@graph":[{"@type":"WebPage","@id":"https:\/\/bl-lighting.de\/privacy-policy\/","url":"https:\/\/bl-lighting.de\/privacy-policy\/","name":"Impressum | Datenschutz - BL-Lighting","isPartOf":{"@id":"https:\/\/bl-lighting.de\/#website"},"datePublished":"2024-10-01T11:45:09+00:00","dateModified":"2025-06-15T16:33:05+00:00","breadcrumb":{"@id":"https:\/\/bl-lighting.de\/privacy-policy\/#breadcrumb"},"inLanguage":"en-US","potentialAction":[{"@type":"ReadAction","target":["https:\/\/bl-lighting.de\/privacy-policy\/"]}]},{"@type":"BreadcrumbList","@id":"https:\/\/bl-lighting.de\/privacy-policy\/#breadcrumb","itemListElement":[{"@type":"ListItem","position":1,"name":"Startseite","item":"https:\/\/bl-lighting.de\/"},{"@type":"ListItem","position":2,"name":"Impressum | Datenschutz"}]},{"@type":"WebSite","@id":"https:\/\/bl-lighting.de\/#website","url":"https:\/\/bl-lighting.de\/","name":"BL-Lighting","description":"Lichttechnik und Veranstaltungsservice","publisher":{"@id":"https:\/\/bl-lighting.de\/#organization"},"alternateName":"Benjamin Liebold Lighting","potentialAction":[{"@type":"SearchAction","target":{"@type":"EntryPoint","urlTemplate":"https:\/\/bl-lighting.de\/?s={search_term_string}"},"query-input":{"@type":"PropertyValueSpecification","valueRequired":true,"valueName":"search_term_string"}}],"inLanguage":"en-US"},{"@type":"Organization","@id":"https:\/\/bl-lighting.de\/#organization","name":"BL-Lighting","alternateName":"Benjamin Liebold Lighting","url":"https:\/\/bl-lighting.de\/","logo":{"@type":"ImageObject","inLanguage":"en-US","@id":"https:\/\/bl-lighting.de\/#\/schema\/logo\/image\/","url":"https:\/\/bl-lighting.de\/wp-content\/uploads\/2024\/10\/cropped-Small_Transp_White.png","contentUrl":"https:\/\/bl-lighting.de\/wp-content\/uploads\/2024\/10\/cropped-Small_Transp_White.png","width":4165,"height":2121,"caption":"BL-Lighting"},"image":{"@id":"https:\/\/bl-lighting.de\/#\/schema\/logo\/image\/"},"sameAs":["https:\/\/www.instagram.com\/bl_lighting.de"]}]}},"_links":{"self":[{"href":"https:\/\/bl-lighting.de\/en\/wp-json\/wp\/v2\/pages\/150","targetHints":{"allow":["GET"]}}],"collection":[{"href":"https:\/\/bl-lighting.de\/en\/wp-json\/wp\/v2\/pages"}],"about":[{"href":"https:\/\/bl-lighting.de\/en\/wp-json\/wp\/v2\/types\/page"}],"author":[{"embeddable":true,"href":"https:\/\/bl-lighting.de\/en\/wp-json\/wp\/v2\/users\/4"}],"replies":[{"embeddable":true,"href":"https:\/\/bl-lighting.de\/en\/wp-json\/wp\/v2\/comments?post=150"}],"version-history":[{"count":44,"href":"https:\/\/bl-lighting.de\/en\/wp-json\/wp\/v2\/pages\/150\/revisions"}],"predecessor-version":[{"id":2255,"href":"https:\/\/bl-lighting.de\/en\/wp-json\/wp\/v2\/pages\/150\/revisions\/2255"}],"wp:attachment":[{"href":"https:\/\/bl-lighting.de\/en\/wp-json\/wp\/v2\/media?parent=150"}],"curies":[{"name":"wp","href":"https:\/\/api.w.org\/{rel}","templated":true}]}}